{"id":609,"date":"2015-09-21T17:26:51","date_gmt":"2015-09-21T17:26:51","guid":{"rendered":"https:\/\/www.emofiliaintrentino.it\/?page_id=609"},"modified":"2021-01-20T15:08:36","modified_gmt":"2021-01-20T15:08:36","slug":"stori_e_tappe","status":"publish","type":"page","link":"https:\/\/www.emofiliaintrentino.it\/?page_id=609","title":{"rendered":"Storia &#038; tappe significative"},"content":{"rendered":"<p><div class=\"fusion-fullwidth fullwidth-box fusion-builder-row-1 nonhundred-percent-fullwidth non-hundred-percent-height-scrolling\" style=\"--awb-background-position:left top;--awb-border-sizes-top:0px;--awb-border-sizes-bottom:0px;--awb-border-sizes-left:0px;--awb-border-sizes-right:0px;--awb-border-radius-top-left:0px;--awb-border-radius-top-right:0px;--awb-border-radius-bottom-right:0px;--awb-border-radius-bottom-left:0px;--awb-padding-right:0px;--awb-padding-left:0px;--awb-flex-wrap:wrap;\" ><div class=\"fusion-builder-row fusion-row\"><div class=\"fusion-layout-column fusion_builder_column fusion-builder-column-0 fusion_builder_column_1_1 1_1 fusion-one-full fusion-column-first fusion-column-last fusion-column-no-min-height\" style=\"--awb-padding-top:4%;--awb-padding-right:10%;--awb-padding-bottom:5%;--awb-padding-left:10%;--awb-bg-size:cover;\"><div class=\"fusion-column-wrapper fusion-flex-column-wrapper-legacy\"><div class=\"fusion-fa-align-center\"><i class=\"fb-icon-element-1 fb-icon-element fontawesome-icon fa-compass fas circle-yes\" style=\"--awb-circlecolor:#df2344;--awb-circlecolor-hover:#df2344;--awb-circlebordersize:0px;--awb-font-size:28.16px;--awb-width:56.32px;--awb-height:56.32px;--awb-line-height:56.32px;--awb-margin-bottom:3%;\"><\/i><\/div><div class=\"fusion-text fusion-text-1\"><h4 data-fontsize=\"15\" data-lineheight=\"19.95px\" class=\"fusion-responsive-typography-calculated\" style=\"text-align: center; --fontSize:15; line-height: 1.33; --minFontSize:15;\">ASSOCIAZIONE EMOFILICI TRENTINI<\/h4>\n<h3 data-fontsize=\"30.9375\" data-lineheight=\"37.7438px\" class=\"fusion-responsive-typography-calculated\" style=\"text-align: center; --fontSize:30.9375; line-height: 1.22;\">Un lavoro impegnativo e di grande qualit\u00e0 <\/h3>\n<div class=\"abstract\">\n<p style=\"text-align: center;\"><b>L&#8217;impegno profuso dei tre Segretari Provinciali: Enzo Castegnaro, Giovanni Fumo e Fabrizio Filippi, con le persone che generosamente collaboravano attivamente nei Comitati Esecutivi \u00e8 stato veramente di grande spessore&#8230;<\/b><\/p>\n<\/div>\n<div class=\"text\">\n<p style=\"text-align: center;\">Nel file allegato si possono conoscere le <b>tappe pi\u00f9 significative della storia della nostra Associazione<\/b> per meglio comprendere il lavoro impegnativo e di grande qualit\u00e0 che \u00e8 stato svolto dalle persone che si sono succedute dalla nascita dell&#8217;Associazione al momento attuale.<\/p>\n<p style=\"text-align: center;\">Come si potr\u00e0 osservare l&#8217;impegno profuso dai <b>3 Segretari Provinciali<\/b> (<b>Enzo Castegnaro<\/b>, <b>Giovanni Fumo<\/b> e <b>Fabrizio Filippi<\/b>) <b>con i componenti dei vari Comitati Esecutivi<\/b> \u00e8 stato veramente di grande spessore, perch\u00e9 si \u00e8 partiti dal nulla con i prodotti Emoderivati appena registrati dall&#8217;Istituto Superiore della Sanit\u00e0 e si \u00e8 giunti, con una intelligente ed efficace organizzazione, alla situazione attuale che, pur sempre migliorabile, \u00e8 considerata e riconosciuta da tutti, sia a livello locale sia a livello nazionale, di <b>assoluta eccellenza<\/b>.<\/p>\n<p style=\"text-align: center;\">Per il raggiungimento di questa concreta qualit\u00e0, oltre al lavoro propulsivo dell&#8217;Associazione, deve essere riconosciuto l&#8217;affiancamento importante e sinergico del <b>Centro dell&#8217;Emofilia di Trento <\/b>(istituito il 20 Luglio 1973), sia nel darci utilissimi consigli, sia nel mettersi a disposizione per la stesura di proposte di atti normativi accolte poi dal Legislatore Provinciale.<\/p>\n<\/div>\n<\/div><div class=\"fusion-clearfix\"><\/div><\/div><\/div><\/div><\/div><div class=\"fusion-fullwidth fullwidth-box fusion-builder-row-2 nonhundred-percent-fullwidth non-hundred-percent-height-scrolling fusion-equal-height-columns\" style=\"--awb-background-position:left top;--awb-border-sizes-top:0px;--awb-border-sizes-bottom:0px;--awb-border-sizes-left:0px;--awb-border-sizes-right:0px;--awb-border-radius-top-left:0px;--awb-border-radius-top-right:0px;--awb-border-radius-bottom-right:0px;--awb-border-radius-bottom-left:0px;--awb-padding-top:0px;--awb-padding-right:0px;--awb-padding-bottom:0px;--awb-padding-left:0px;--awb-flex-wrap:wrap;\" ><div class=\"fusion-builder-row fusion-row\"><div class=\"fusion-layout-column fusion_builder_column fusion-builder-column-1 fusion_builder_column_1_2 1_2 fusion-one-half fusion-column-first\" style=\"--awb-bg-image:url(&#039;https:\/\/www.emofiliaintrentino.it\/wp-content\/uploads\/2021\/01\/photo-1533601017-dc61895e03c0.jpg&#039;);--awb-bg-position:center center;--awb-bg-size:cover;--awb-filter:saturate(0%);--awb-filter-transition:filter 0.3s ease;--awb-filter-hover:saturate(100%);\"><div class=\"fusion-column-wrapper fusion-flex-column-wrapper-legacy fusion-empty-column-bg-image fusion-column-has-bg-image\" data-bg-url=\"https:\/\/www.emofiliaintrentino.it\/wp-content\/uploads\/2021\/01\/photo-1533601017-dc61895e03c0.jpg\"><img decoding=\"async\" class=\"fusion-empty-dims-img-placeholder fusion-no-large-visibility\" src=\"data:image\/svg+xml,%3Csvg%20xmlns%3D%27http%3A%2F%2Fwww.w3.org%2F2000%2Fsvg%27%20width%3D%271350%27%20height%3D%27900%27%20viewBox%3D%270%200%201350%20900%27%3E%3Crect%20width%3D%271350%27%20height%3D%27900%27%20fill-opacity%3D%220%22%2F%3E%3C%2Fsvg%3E\"><div class=\"fusion-clearfix\"><\/div><\/div><\/div><div class=\"fusion-layout-column fusion_builder_column fusion-builder-column-2 fusion_builder_column_1_2 1_2 fusion-one-half fusion-column-last\" style=\"--awb-padding-top:15%;--awb-padding-right:15%;--awb-padding-bottom:15%;--awb-padding-left:15%;--awb-bg-color:#f7524f;--awb-bg-color-hover:#f7524f;--awb-bg-size:cover;\"><div class=\"fusion-column-wrapper fusion-flex-column-wrapper-legacy\"><div class=\"fusion-column-content-centered\"><div class=\"fusion-column-content\"><div class=\"fusion-text fusion-text-2\"><p><span style=\"color: #ffffff;\">Nonostante i quarant&#8217;anni di vita, non tutti sono ancora a conoscenza dell&#8217;esistenza <span style=\"font-family: var(--body_typography-font-family); font-size: var(--body_typography-font-size); font-style: var(--body_typography-font-style,normal); font-weight: var(--body_typography-font-weight); letter-spacing: var(--body_typography-letter-spacing);\">dell&#8217;ASSOCIAZIONE EMOFILICI TRENTINI \u201cGABRIELE FOLGHERAITER\u201d che raccoglie, per statuto, <\/span><span style=\"font-family: var(--body_typography-font-family); font-size: var(--body_typography-font-size); font-style: var(--body_typography-font-style,normal); font-weight: var(--body_typography-font-weight); letter-spacing: var(--body_typography-letter-spacing);\">tutti gli Emofilici della provincia di Trento per dare loro un supporto importante nella cura <\/span><span style=\"font-family: var(--body_typography-font-family); font-size: var(--body_typography-font-size); font-style: var(--body_typography-font-style,normal); font-weight: var(--body_typography-font-weight); letter-spacing: var(--body_typography-letter-spacing);\">della propria malattia e nelle situazioni particolari in cui vengono a trovarsi le rispettive<\/span><span style=\"font-family: var(--body_typography-font-family); font-size: var(--body_typography-font-size); font-style: var(--body_typography-font-style,normal); font-weight: var(--body_typography-font-weight); letter-spacing: var(--body_typography-letter-spacing);\">famiglie. L&#8217;attivit\u00e0 \u00e8 coperta dalla massima discrezione e privacy degli iscritti.<\/span><\/span><\/p>\n<\/div><div class=\"fusion-align-block\"><a class=\"fusion-button button-flat fusion-button-default-size button-custom fusion-button-default button-1 fusion-button-default-span fusion-button-default-type\" style=\"--button_accent_color:#f7524f;--button_accent_hover_color:#ffffff;--button_border_hover_color:#ffffff;--button_gradient_top_color:#fbfaf8;--button_gradient_bottom_color:#fbfaf8;--button_gradient_top_color_hover:#c4b7f0;--button_gradient_bottom_color_hover:#c4b7f0;width:calc(100%);\" target=\"_blank\" rel=\"noopener noreferrer\" href=\"https:\/\/www.emofiliaintrentino.it\/wp-content\/uploads\/2021\/01\/02_tappe_significative_r.2016_.pdf\"><span class=\"fusion-button-text\">VISUALIZZA IL DOCUMENTO<\/span><\/a><\/div><\/div><\/div><div class=\"fusion-clearfix\"><\/div><\/div><\/div><\/div><\/div><div class=\"fusion-fullwidth fullwidth-box fusion-builder-row-3 fusion-parallax-none nonhundred-percent-fullwidth non-hundred-percent-height-scrolling\" style=\"--awb-border-sizes-top:0px;--awb-border-sizes-bottom:0px;--awb-border-sizes-left:0px;--awb-border-sizes-right:0px;--awb-border-radius-top-left:0px;--awb-border-radius-top-right:0px;--awb-border-radius-bottom-right:0px;--awb-border-radius-bottom-left:0px;--awb-padding-top:6%;--awb-padding-right:15%;--awb-padding-bottom:0%;--awb-padding-left:15%;--awb-margin-top:3px;--awb-margin-bottom:0px;--awb-background-image:url(&quot;https:\/\/www.emofiliaintrentino.it\/wp-content\/uploads\/2021\/01\/Scorri-gruppo-3.png&quot;);--awb-background-size:cover;--awb-flex-wrap:wrap;\" ><div class=\"fusion-builder-row fusion-row\"><div class=\"fusion-layout-column fusion_builder_column fusion-builder-column-3 fusion_builder_column_1_1 1_1 fusion-one-full fusion-column-first fusion-column-last fusion-column-no-min-height\" style=\"--awb-bg-size:cover;\"><div class=\"fusion-column-wrapper fusion-flex-column-wrapper-legacy\"><div class=\"fusion-image-element fusion-image-align-center in-legacy-container\" style=\"text-align:center;--awb-caption-title-font-family:var(--h2_typography-font-family);--awb-caption-title-font-weight:var(--h2_typography-font-weight);--awb-caption-title-font-style:var(--h2_typography-font-style);--awb-caption-title-size:var(--h2_typography-font-size);--awb-caption-title-transform:var(--h2_typography-text-transform);--awb-caption-title-line-height:var(--h2_typography-line-height);--awb-caption-title-letter-spacing:var(--h2_typography-letter-spacing);\"><div class=\"imageframe-align-center\"><span class=\" fusion-imageframe imageframe-none imageframe-1 hover-type-none\" style=\"border:17px solid rgba(246,246,246,0);\"><img decoding=\"async\" width=\"178\" height=\"23\" title=\"Raggruppa 27\" src=\"https:\/\/www.emofiliaintrentino.it\/wp-content\/uploads\/2020\/07\/Raggruppa-27.png\" alt class=\"img-responsive wp-image-1356\"\/><\/span><\/div><\/div><div class=\"fusion-text fusion-text-3\"><h3 style=\"text-align: center;\">Sostienici<\/h3>\n<p style=\"text-align: center;\">ogni piccolo aiuto pu\u00f2 cambiare una vita<\/p>\n<\/div><div class=\"fusion-align-block\"><a class=\"fusion-button button-flat fusion-button-default-size button-default fusion-button-default button-2 fusion-button-default-span fusion-button-default-type\" style=\"width:calc(100%);\" target=\"_self\" href=\"https:\/\/www.emofiliaintrentino.it\/?page_id=12&amp;fb-edit=1\"><span class=\"fusion-button-text\">scopri come<\/span><\/a><\/div><div class=\"fusion-sep-clear\"><\/div><div class=\"fusion-separator fusion-full-width-sep\" style=\"margin-left: auto;margin-right: auto;margin-top:15px;margin-bottom:15px;width:100%;\"><\/div><div class=\"fusion-sep-clear\"><\/div><div class=\"fusion-clearfix\"><\/div><\/div><\/div><div class=\"fusion-layout-column fusion_builder_column fusion-builder-column-4 fusion_builder_column_1_1 1_1 fusion-one-full fusion-column-first fusion-column-last fusion-column-no-min-height\" style=\"--awb-padding-right:20%;--awb-padding-left:20%;--awb-bg-size:cover;\"><div class=\"fusion-column-wrapper fusion-flex-column-wrapper-legacy\"><div class=\"fusion-sep-clear\"><\/div><div class=\"fusion-separator fusion-full-width-sep\" style=\"margin-left: auto;margin-right: auto;margin-top:15px;margin-bottom:15px;width:100%;\"><\/div><div class=\"fusion-sep-clear\"><\/div><div class=\"fusion-clearfix\"><\/div><\/div><\/div><\/div><\/div><\/p>\n","protected":false},"excerpt":{"rendered":"","protected":false},"author":3,"featured_media":0,"parent":1318,"menu_order":1,"comment_status":"closed","ping_status":"closed","template":"100-width.php","meta":{"footnotes":""},"_links":{"self":[{"href":"https:\/\/www.emofiliaintrentino.it\/index.php?rest_route=\/wp\/v2\/pages\/609"}],"collection":[{"href":"https:\/\/www.emofiliaintrentino.it\/index.php?rest_route=\/wp\/v2\/pages"}],"about":[{"href":"https:\/\/www.emofiliaintrentino.it\/index.php?rest_route=\/wp\/v2\/types\/page"}],"author":[{"embeddable":true,"href":"https:\/\/www.emofiliaintrentino.it\/index.php?rest_route=\/wp\/v2\/users\/3"}],"replies":[{"embeddable":true,"href":"https:\/\/www.emofiliaintrentino.it\/index.php?rest_route=%2Fwp%2Fv2%2Fcomments&post=609"}],"version-history":[{"count":5,"href":"https:\/\/www.emofiliaintrentino.it\/index.php?rest_route=\/wp\/v2\/pages\/609\/revisions"}],"predecessor-version":[{"id":1491,"href":"https:\/\/www.emofiliaintrentino.it\/index.php?rest_route=\/wp\/v2\/pages\/609\/revisions\/1491"}],"up":[{"embeddable":true,"href":"https:\/\/www.emofiliaintrentino.it\/index.php?rest_route=\/wp\/v2\/pages\/1318"}],"wp:attachment":[{"href":"https:\/\/www.emofiliaintrentino.it\/index.php?rest_route=%2Fwp%2Fv2%2Fmedia&parent=609"}],"curies":[{"name":"wp","href":"https:\/\/api.w.org\/{rel}","templated":true}]}}